{"id":2381,"date":"2024-12-13T09:54:12","date_gmt":"2024-12-13T08:54:12","guid":{"rendered":"https:\/\/opilex.paissangroup.com\/?page_id=2381"},"modified":"2024-12-13T09:54:29","modified_gmt":"2024-12-13T08:54:29","slug":"cookie-policy","status":"publish","type":"page","link":"https:\/\/opilex.paissangroup.com\/en\/cookie-policy\/","title":{"rendered":"Cookie Policy"},"content":{"rendered":"<div class=\"fusion-fullwidth fullwidth-box fusion-builder-row-1 fusion-flex-container has-pattern-background has-mask-background gradient-container-1 nonhundred-percent-fullwidth non-hundred-percent-height-scrolling\" style=\"--awb-border-radius-top-left:0px;--awb-border-radius-top-right:0px;--awb-border-radius-bottom-right:0px;--awb-border-radius-bottom-left:0px;--awb-flex-wrap:wrap;\" ><div class=\"fusion-builder-row fusion-row fusion-flex-align-items-flex-start fusion-flex-content-wrap\" style=\"max-width:1216.8px;margin-left: calc(-4% \/ 2 );margin-right: calc(-4% \/ 2 );\"><div class=\"fusion-layout-column fusion_builder_column fusion-builder-column-0 fusion_builder_column_1_1 1_1 fusion-flex-column\" style=\"--awb-bg-size:cover;--awb-width-large:100%;--awb-margin-top-large:50px;--awb-spacing-right-large:1.92%;--awb-margin-bottom-large:50px;--awb-spacing-left-large:1.92%;--awb-width-medium:100%;--awb-order-medium:0;--awb-spacing-right-medium:1.92%;--awb-spacing-left-medium:1.92%;--awb-width-small:100%;--awb-order-small:0;--awb-spacing-right-small:1.92%;--awb-spacing-left-small:1.92%;\"><div class=\"fusion-column-wrapper fusion-column-has-shadow fusion-flex-justify-content-flex-start fusion-content-layout-column\"><div class=\"fusion-text fusion-text-1\"><p align=\"center\"><span style=\"color: #0c739e;\"><span style=\"font-size: small;\"><b>POLICY PRIVACY SITO INTERNET <\/b><\/span><\/span><\/p>\n<p align=\"center\"><span style=\"color: #0c739e;\"><span style=\"font-size: small;\"><b>INFORMATIVA SUL TRATTAMENTO DEI DATI PERSONALI <\/b><\/span><\/span><\/p>\n<p align=\"center\"><span style=\"color: #0c739e;\"><span style=\"font-size: small;\"><b>ai sensi dell&#8217;articolo 13 del Regolamento (UE) 2016\/679 degli utenti che consultano il sito web<\/b><\/span><\/span><\/p>\n<p align=\"justify\"><span style=\"color: #0c739e;\"><span style=\"font-size: small;\"><b>PERCH\u00c9 QUESTE INFORMAZIONI<\/b><\/span><\/span><\/p>\n<p align=\"justify\"><span style=\"color: #000000;\"><span style=\"font-size: small;\">Ai sensi del Regolamento (UE) 2016\/679 (di seguito &#8220;Regolamento&#8221;), questa pagina descrive le modalit\u00e0 di trattamento dei dati personali degli utenti che consultano il sito web accessibile per via telematica ai seguenti indirizzi:<\/span><\/span><\/p>\n<ul>\n<li><span style=\"color: #0000ff;\"><u><a href=\"http:\/\/www.reteprofessionale.org\/\"><span style=\"font-size: small;\">www.opilex.it<\/span><\/a><\/u><\/span><\/li>\n<\/ul>\n<p align=\"justify\"><span style=\"color: #000000;\"><span style=\"font-size: small;\">Le presenti informazioni non riguardano altri siti, pagine o servizi online raggiungibili tramite link ipertestuali eventualmente pubblicati nei siti ma riferiti a risorse esterne al dominio del Garante.<\/span><\/span><\/p>\n<p><span style=\"color: #0c739e;\"><span style=\"font-size: small;\"><b>TITOLARE DEL TRATTAMENTO<\/b><\/span><\/span><\/p>\n<p align=\"justify\"><span style=\"color: #000000;\"><span style=\"font-size: small;\">A seguito della consultazione dei siti sopra elencati possono essere trattati dati relativi a persone fisiche identificate o identificabili.<\/span><\/span><\/p>\n<p align=\"justify\"><span style=\"color: #000000;\"><span style=\"font-size: small;\">Titolare del trattamento \u00e8 Avv. Matteo Falchetti, con sede principale in Via Duccio Galimberti, 47 -000136 Roma e sede secondaria in Via Gianantonio Manci n. 54 \u2013 38122 Trento, PEC: matteofalchetti@ordineavvocatiroma.org, email <\/span><\/span><span style=\"color: #0000ff;\"><u><a href=\"mailto:matteo.falchetti@opilex.it\"><span style=\"font-size: small;\">matteo.falchetti@opilex.it<\/span><\/a><\/u><\/span><span style=\"color: #000000;\"><span style=\"font-size: small;\"> &#8211; tel 0692935203<\/span><\/span><\/p>\n<p><span style=\"color: #0c739e;\"><span style=\"font-size: small;\"><b>FINALITA\u2019 DEL TRATTAMENTO E BASE GIURIDICA DEL TRATTAMENTO<\/b><\/span><\/span><\/p>\n<p align=\"justify\"><span style=\"color: #000000;\"><span style=\"font-size: small;\">I dati personali indicati in questa pagina sono trattati dal Titolare per fornire i servizi richiesti dall\u2019utente, rispondere a richieste di informazioni o quesiti dell\u2019utente; previo consenso dell\u2019utente, inviare newsletters normative e giurisprudenziali in materia e presentare le attivit\u00e0 del Titolare.<\/span><\/span><\/p>\n<p><span style=\"color: #0c739e;\"><span style=\"font-size: small;\"><b>TIPI DI DATI TRATTATI E FINALIT\u00c0 DEL TRATTAMENTO<\/b><\/span><\/span><\/p>\n<p align=\"justify\"><span style=\"color: #000000;\"><span style=\"font-size: small;\"><i>Dati di navigazione\u00a0\u00a0\u00a0<\/i><\/span><\/span><\/p>\n<p align=\"justify\"><span style=\"color: #000000;\"><span style=\"font-size: small;\">I sistemi informatici e le procedure software preposte al funzionamento di questo sito acquisiscono, nel corso del loro normale esercizio, alcuni dati personali la cui trasmissione \u00e8 implicita nell&#8217;uso dei protocolli di comunicazione di Internet.<\/span><\/span><\/p>\n<p align=\"justify\"><span style=\"color: #000000;\"><span style=\"font-size: small;\">In questa categoria di dati rientrano gli indirizzi IP o i nomi a dominio dei computer e dei terminali utilizzati dagli utenti, gli indirizzi in notazione URI\/URL (Uniform Resource Identifier\/Locator) delle risorse richieste, l&#8217;orario della richiesta, il metodo utilizzato nel sottoporre la richiesta al server, la dimensione del file ottenuto in risposta, il codice numerico indicante lo stato della risposta data dal server (buon fine, errore, ecc.) ed altri parametri relativi al sistema operativo e all&#8217;ambiente informatico dell&#8217;utente.<\/span><\/span><\/p>\n<p align=\"justify\"><span style=\"color: #000000;\"><span style=\"font-size: small;\">Tali dati, necessari per la fruizione dei servizi web, vengono anche trattati allo scopo di:<\/span><\/span><\/p>\n<p align=\"justify\"><span style=\"color: #000000;\"><span style=\"font-size: small;\">&#8211; ottenere informazioni statistiche sull&#8217;uso dei servizi (pagine pi\u00f9 visitate, numero di visitatori per fascia oraria o giornaliera, aree geografiche di provenienza, ecc.);<\/span><\/span><\/p>\n<p align=\"justify\"><span style=\"color: #000000;\"><span style=\"font-size: small;\">&#8211; controllare il corretto funzionamento dei servizi offerti.<\/span><\/span><\/p>\n<p align=\"justify\"><span style=\"color: #000000;\"><span style=\"font-size: small;\">I dati di navigazione non persistono per pi\u00f9 di sette giorni\u00a0(salve eventuali necessit\u00e0 di accertamento di reati da parte dell&#8217;Autorit\u00e0 giudiziaria).<\/span><\/span><\/p>\n<p><span style=\"color: #000000;\"><span style=\"font-size: small;\"><i>Dati comunicati dall&#8217;utente<\/i><\/span><\/span><\/p>\n<p align=\"justify\"><span style=\"color: #000000;\"><span style=\"font-size: small;\">L&#8217;invio facoltativo, esplicito e volontario di messaggi agli indirizzi di contatto,\u00a0i messaggi privati inviati dagli utenti ai profili\/pagine istituzionali sui social media (laddove questa possibilit\u00e0 sia prevista), nonch\u00e9 la compilazione e l&#8217;inoltro dei moduli presenti sul sito, comporta l&#8217;acquisizione dei dati di contatto del mittente, necessari a rispondere, nonch\u00e9 di tutti i dati personali inclusi nelle comunicazioni.<\/span><\/span><\/p>\n<p align=\"justify\"><span style=\"color: #000000;\"><span style=\"font-size: small;\">Specifiche informative verranno pubblicate nelle pagine del sito predisposte per l&#8217;erogazione di determinati servizi.<\/span><\/span><\/p>\n<p><span style=\"color: #000000;\"><span style=\"font-size: small;\"><i>Cookie e altri sistemi di tracciamento<\/i><\/span><\/span><\/p>\n<p align=\"justify\"><span style=\"color: #000000;\"><span style=\"font-size: small;\">Non viene fatto uso di cookie per la profilazione degli utenti. L\u2019unico trattamento effettuato riguarda la produzione di statistiche, con dati pseudonimizzati, sulla navigazione nel sito.<\/span><\/span><\/p>\n<p align=\"justify\"><span style=\"color: #000000;\"><span style=\"font-size: small;\">La configurazione adottata, in modo da escludere trattamenti di dati identificativi, raccoglie le seguenti informazioni:<\/span><\/span><\/p>\n<p align=\"justify\"><span style=\"color: #000000;\">\u2022 <span style=\"font-size: small;\">L\u2019indirizzo IP, che viene mascherato azzerando gli ultimi 2 byte (xxx.xxx.0.0)<\/span><\/span><\/p>\n<p align=\"justify\"><span style=\"color: #000000;\">\u2022 <span style=\"font-size: small;\">Il sistema operativo utilizzato<\/span><\/span><\/p>\n<p align=\"justify\"><span style=\"color: #000000;\">\u2022 <span style=\"font-size: small;\">Il tipo di browser<\/span><\/span><\/p>\n<p align=\"justify\"><span style=\"color: #000000;\">\u2022 <span style=\"font-size: small;\">Il tipo di dispositivo (PC, smartphone, etc.)<\/span><\/span><\/p>\n<p align=\"justify\"><span style=\"color: #000000;\"><span style=\"font-size: small;\">Viene fatto uso di cookie tecnici di sessione (non persistenti), in modo strettamente limitato a quanto necessario per la navigazione sicura ed efficiente dei siti.<\/span><\/span><\/p>\n<p align=\"justify\"><span style=\"color: #000000;\"><span style=\"font-size: small;\">Maggiori informazioni sono riportate nella cookie policy a cui si rinvia<\/span><\/span><\/p>\n<p align=\"justify\"><span style=\"color: #000000;\"><span style=\"font-size: small;\"><i>Informazioni circa il trattamento dei dati personali effettuate attraverso le piattaforme di Social Media utilizzate dal Titolare<\/i><\/span><\/span><\/p>\n<p align=\"justify\"><span style=\"color: #000000;\"><span style=\"font-size: small;\">Circa i trattamenti di dati personali effettuati dai gestori delle piattaforme di Social Media utilizzate dal Titolare si rimanda alle informazioni da questi rese attraverso le rispettive privacy policy. Il Titolare tratta i dati personali conferiti dall&#8217;utenza attraverso le pagine delle piattaforme di Social Media dedicate, esclusivamente per gestire le interazioni con l&#8217;utenza (commenti, post pubblici, etc.) e nel rispetto della normativa vigente.<\/span><\/span><\/p>\n<p><span style=\"color: #0c739e;\"><span style=\"font-size: small;\"><b>TRASFERIMENTO DEI DATI ALL\u2019ESTERO E SISTEMI AUTOMATIZZATI DI PROFILAZIONE<\/b><\/span><\/span><\/p>\n<p><span style=\"font-size: small;\">Il Titolare non effettua trasferimento di dati all\u2019estero e non utilizza sistemi automatizzati di profilazione salvo quanto indicato nell\u2019eventuale informativa cookie.<\/span><\/p>\n<p><span style=\"color: #0c739e;\"><span style=\"font-size: small;\"><b>DESTINATARI DEI DATI<\/b><\/span><\/span><\/p>\n<p align=\"justify\"><span style=\"color: #000000;\"><span style=\"font-size: small;\">Sono destinatari dei dati raccolti a seguito della consultazione di alcuni dei servizi sopra elencati i seguenti soggetti designati dal Titolare, ai sensi dell&#8217;articolo 28 del Regolamento, quali responsabili del trattamento: eventuali collaboratori appartenenti alla Rete Professionale, eventuali societ\u00e0 esterne che collaborano per la fornitura di servizi forniti dal sito internet. I dati completi dei destinatari potranno essere richiesti come indicato al paragrafo seguente.<\/span><\/span><\/p>\n<p align=\"justify\"><span style=\"color: #000000;\"><span style=\"font-size: small;\">I dati personali raccolti sono altres\u00ec trattati dal personale del Titolare, che agisce sulla base di specifiche istruzioni fornite in ordine a finalit\u00e0 e modalit\u00e0 del trattamento medesimo.<\/span><\/span><\/p>\n<p><span style=\"color: #0c739e;\"><span style=\"font-size: small;\"><b>DIRITTI DEGLI INTERESSATI<\/b><\/span><\/span><\/p>\n<p align=\"justify\"><span style=\"color: #000000;\"><span style=\"font-size: small;\">Gli interessati hanno il diritto di ottenere dal Titolare, nei casi previsti, l&#8217;accesso ai propri dati personali e la rettifica o la cancellazione degli stessi o la limitazione del trattamento che li riguarda o di opporsi al trattamento (artt. 15 e ss. del Regolamento).\u00a0L\u2019apposita istanza al Titolare \u00e8 presentata scrivendo a: email <\/span><\/span><span style=\"color: #0000ff;\"><u><a href=\"mailto:matteo.falchetti@opilex.it\"><span style=\"font-size: small;\">matteo.falchetti@opilex.it<\/span><\/a><\/u><\/span><span style=\"color: #000000;\"><span style=\"font-size: small;\">, pec <\/span><\/span><span style=\"color: #0000ff;\"><u><a href=\"mailto:matteofalchetti@ordineavvocatiroma.org\"><span style=\"font-size: small;\">matteofalchetti@ordineavvocatiroma.org<\/span><\/a><\/u><\/span><span style=\"color: #000000;\"><span style=\"font-size: small;\"> o all\u2019indirizzo del Titolare sopra indicato.<\/span><\/span><\/p>\n<p><span style=\"color: #0c739e;\"><span style=\"font-size: small;\"><b>DIRITTO DI RECLAMO<\/b><\/span><\/span><\/p>\n<p align=\"justify\"><span style=\"color: #000000;\"><span style=\"font-size: small;\">Gli interessati che ritengono che il trattamento dei dati personali a loro riferiti effettuato attraverso questo sito avvenga in violazione di quanto previsto dal Regolamento hanno il diritto di proporre reclamo al Garante, come previsto dall&#8217;art. 77 del Regolamento stesso, o di adire le opportune sedi giudiziarie (art. 79 del Regolamento).<\/span><\/span><\/p>\n<\/div><\/div><\/div><\/div><\/div>\n","protected":false},"excerpt":{"rendered":"","protected":false},"author":1,"featured_media":2378,"parent":0,"menu_order":0,"comment_status":"closed","ping_status":"open","template":"100-width.php","meta":{"footnotes":""},"class_list":["post-2381","page","type-page","status-publish","has-post-thumbnail","hentry"],"_links":{"self":[{"href":"https:\/\/opilex.paissangroup.com\/en\/wp-json\/wp\/v2\/pages\/2381","targetHints":{"allow":["GET"]}}],"collection":[{"href":"https:\/\/opilex.paissangroup.com\/en\/wp-json\/wp\/v2\/pages"}],"about":[{"href":"https:\/\/opilex.paissangroup.com\/en\/wp-json\/wp\/v2\/types\/page"}],"author":[{"embeddable":true,"href":"https:\/\/opilex.paissangroup.com\/en\/wp-json\/wp\/v2\/users\/1"}],"replies":[{"embeddable":true,"href":"https:\/\/opilex.paissangroup.com\/en\/wp-json\/wp\/v2\/comments?post=2381"}],"version-history":[{"count":2,"href":"https:\/\/opilex.paissangroup.com\/en\/wp-json\/wp\/v2\/pages\/2381\/revisions"}],"predecessor-version":[{"id":2384,"href":"https:\/\/opilex.paissangroup.com\/en\/wp-json\/wp\/v2\/pages\/2381\/revisions\/2384"}],"wp:featuredmedia":[{"embeddable":true,"href":"https:\/\/opilex.paissangroup.com\/en\/wp-json\/wp\/v2\/media\/2378"}],"wp:attachment":[{"href":"https:\/\/opilex.paissangroup.com\/en\/wp-json\/wp\/v2\/media?parent=2381"}],"curies":[{"name":"wp","href":"https:\/\/api.w.org\/{rel}","templated":true}]}}