{"id":2233,"date":"2024-11-20T14:32:03","date_gmt":"2024-11-20T13:32:03","guid":{"rendered":"https:\/\/opilex.paissangroup.com\/brand\/"},"modified":"2024-12-12T11:45:05","modified_gmt":"2024-12-12T10:45:05","slug":"brand","status":"publish","type":"page","link":"https:\/\/opilex.paissangroup.com\/en\/brand\/","title":{"rendered":"Brand"},"content":{"rendered":"<p><div class=\"fusion-fullwidth fullwidth-box fusion-builder-row-1 fusion-flex-container gradient-container-1 nonhundred-percent-fullwidth non-hundred-percent-height-scrolling\" style=\"--awb-border-radius-top-left:0px;--awb-border-radius-top-right:0px;--awb-border-radius-bottom-right:0px;--awb-border-radius-bottom-left:0px;--awb-padding-top:59px;--awb-padding-bottom:40px;--awb-background-color:var(--awb-color5);--awb-flex-wrap:wrap;\" ><div class=\"fusion-builder-row fusion-row fusion-flex-align-items-center fusion-flex-justify-content-center fusion-flex-content-wrap\" style=\"max-width:1216.8px;margin-left: calc(-4% \/ 2 );margin-right: calc(-4% \/ 2 );\"><div class=\"fusion-layout-column fusion_builder_column fusion-builder-column-0 fusion_builder_column_2_5 2_5 fusion-flex-column fusion-flex-align-self-stretch\" style=\"--awb-padding-right:0%;--awb-padding-left:0%;--awb-bg-size:cover;--awb-width-large:40%;--awb-margin-top-large:0px;--awb-spacing-right-large:4.8%;--awb-margin-bottom-large:0px;--awb-spacing-left-large:4.8%;--awb-width-medium:100%;--awb-order-medium:0;--awb-spacing-right-medium:1.92%;--awb-spacing-left-medium:1.92%;--awb-width-small:100%;--awb-order-small:0;--awb-spacing-right-small:1.92%;--awb-spacing-left-small:1.92%;\"><div class=\"fusion-column-wrapper fusion-column-has-shadow fusion-flex-justify-content-center fusion-content-layout-column\"><div class=\"fusion-title title fusion-title-1 fusion-title-text fusion-title-size-three\" style=\"--awb-text-color:var(--awb-color1);--awb-margin-bottom:32px;\"><div class=\"title-sep-container title-sep-container-left fusion-no-large-visibility fusion-no-medium-visibility fusion-no-small-visibility\"><div class=\"title-sep sep- sep-solid\" style=\"border-color:var(--awb-color3);\"><\/div><\/div><span class=\"awb-title-spacer fusion-no-large-visibility fusion-no-medium-visibility fusion-no-small-visibility\"><\/span><h3 class=\"fusion-title-heading title-heading-left fusion-responsive-typography-calculated\" style=\"margin:0;letter-spacing:var(--awb-typography3-letter-spacing);text-transform:none;--fontSize:18;--minFontSize:18;line-height:1.67;\"><em>Su misura, al centimetro,sartoriale,<\/em><br \/><em>proprio come un artigiano,<\/em><br \/><em>un OPIFEX di un tempo.<\/em><\/h3><span class=\"awb-title-spacer\"><\/span><div class=\"title-sep-container title-sep-container-right\"><div class=\"title-sep sep- sep-solid\" style=\"border-color:var(--awb-color3);\"><\/div><\/div><\/div><\/div><\/div><div class=\"fusion-layout-column fusion_builder_column fusion-builder-column-1 fusion_builder_column_1_5 1_5 fusion-flex-column fusion-flex-align-self-stretch\" style=\"--awb-padding-right:10%;--awb-padding-left:10%;--awb-bg-size:cover;--awb-width-large:20%;--awb-margin-top-large:0px;--awb-spacing-right-large:25px;--awb-margin-bottom-large:0px;--awb-spacing-left-large:25px;--awb-width-medium:100%;--awb-order-medium:0;--awb-spacing-right-medium:1.92%;--awb-spacing-left-medium:1.92%;--awb-width-small:100%;--awb-order-small:0;--awb-spacing-right-small:1.92%;--awb-spacing-left-small:1.92%;\"><div class=\"fusion-column-wrapper fusion-column-has-shadow fusion-flex-justify-content-center fusion-content-layout-column\"><div class=\"fusion-image-element \" style=\"--awb-caption-title-font-family:var(--h2_typography-font-family);--awb-caption-title-font-weight:var(--h2_typography-font-weight);--awb-caption-title-font-style:var(--h2_typography-font-style);--awb-caption-title-size:var(--h2_typography-font-size);--awb-caption-title-transform:var(--h2_typography-text-transform);--awb-caption-title-line-height:var(--h2_typography-line-height);--awb-caption-title-letter-spacing:var(--h2_typography-letter-spacing);\"><span class=\" fusion-imageframe imageframe-none imageframe-1 hover-type-none\"><img decoding=\"async\" width=\"175\" height=\"189\" title=\"opilex_logoSOLO_esagono_RUST\" src=\"data:image\/svg+xml,%3Csvg%20xmlns%3D%27http%3A%2F%2Fwww.w3.org%2F2000%2Fsvg%27%20width%3D%27175%27%20height%3D%27189%27%20viewBox%3D%270%200%20175%20189%27%3E%3Crect%20width%3D%27175%27%20height%3D%27189%27%20fill-opacity%3D%220%22%2F%3E%3C%2Fsvg%3E\" data-orig-src=\"https:\/\/opilex.paissangroup.com\/wp-content\/uploads\/2024\/11\/opilex_logoSOLO_esagono_RUST.png\" alt class=\"lazyload img-responsive wp-image-2151\"\/><\/span><\/div><\/div><\/div><div class=\"fusion-layout-column fusion_builder_column fusion-builder-column-2 fusion_builder_column_2_5 2_5 fusion-flex-column fusion-flex-align-self-stretch\" style=\"--awb-padding-right:0%;--awb-padding-left:0%;--awb-bg-size:cover;--awb-width-large:40%;--awb-margin-top-large:0px;--awb-spacing-right-large:4.8%;--awb-margin-bottom-large:0px;--awb-spacing-left-large:4.8%;--awb-width-medium:100%;--awb-order-medium:0;--awb-spacing-right-medium:1.92%;--awb-spacing-left-medium:1.92%;--awb-width-small:100%;--awb-order-small:0;--awb-spacing-right-small:1.92%;--awb-spacing-left-small:1.92%;\"><div class=\"fusion-column-wrapper fusion-column-has-shadow fusion-flex-justify-content-center fusion-content-layout-column\"><div class=\"fusion-title title fusion-title-2 fusion-title-text fusion-title-size-three\" style=\"--awb-text-color:var(--awb-color1);--awb-margin-bottom:32px;\"><div class=\"title-sep-container title-sep-container-left\"><div class=\"title-sep sep- sep-solid\" style=\"border-color:var(--awb-color3);\"><\/div><\/div><span class=\"awb-title-spacer\"><\/span><h3 class=\"fusion-title-heading title-heading-right fusion-responsive-typography-calculated\" style=\"margin:0;letter-spacing:var(--awb-typography3-letter-spacing);text-transform:none;--fontSize:18;--minFontSize:18;line-height:1.67;\"><p style=\"text-align: right;\"><em>Made to measure, tailored to the centimeter,<\/em><br \/><em>fitted, just like a craftsman,<\/em><br \/><em>the OPIFEX of the past.<\/em><\/p><\/h3><span class=\"awb-title-spacer fusion-no-large-visibility fusion-no-medium-visibility fusion-no-small-visibility\"><\/span><div class=\"title-sep-container title-sep-container-right fusion-no-large-visibility fusion-no-medium-visibility fusion-no-small-visibility\"><div class=\"title-sep sep- sep-solid\" style=\"border-color:var(--awb-color3);\"><\/div><\/div><\/div><\/div><\/div><\/div><\/div><div class=\"fusion-fullwidth fullwidth-box fusion-builder-row-2 fusion-flex-container fusion-parallax-none gradient-container-2 nonhundred-percent-fullwidth non-hundred-percent-height-scrolling lazyload\" style=\"--awb-background-position:right bottom;--awb-background-blend-mode:multiply;--awb-border-radius-top-left:0px;--awb-border-radius-top-right:0px;--awb-border-radius-bottom-right:0px;--awb-border-radius-bottom-left:0px;--awb-padding-top:2%;--awb-padding-bottom:6%;--awb-margin-top:50px;--awb-margin-bottom:0px;--awb-background-color:var(--awb-color2);--awb-background-image:linear-gradient(0deg, var(--awb-color1) 0%,var(--awb-color1) 100%);;--awb-background-image-small:linear-gradient(0deg, var(--awb-color1) 0%,var(--awb-color1) 100%);;--awb-background-size:400px;--awb-background-size-small:20%;--awb-flex-wrap:wrap;\" data-bg=\"https:\/\/opilex.paissangroup.com\/wp-content\/uploads\/2024\/11\/opilex_scritta_trasparente.png\" data-fusion-responsive-bg=\"1\" data-bg-small=\"https:\/\/opilex.paissangroup.com\/wp-content\/uploads\/2024\/11\/sfondomob.png\" data-bg-gradient=\"linear-gradient(0deg, var(--awb-color1) 0%,var(--awb-color1) 100%)\" ><div class=\"fusion-builder-row fusion-row fusion-flex-align-items-flex-start fusion-flex-content-wrap\" style=\"max-width:1216.8px;margin-left: calc(-4% \/ 2 );margin-right: calc(-4% \/ 2 );\"><div class=\"fusion-layout-column fusion_builder_column fusion-builder-column-3 fusion_builder_column_1_1 1_1 fusion-flex-column fusion-animated\" style=\"--awb-bg-size:cover;--awb-width-large:100%;--awb-margin-top-large:0px;--awb-spacing-right-large:1.92%;--awb-margin-bottom-large:20px;--awb-spacing-left-large:1.92%;--awb-width-medium:50%;--awb-spacing-right-medium:3.84%;--awb-spacing-left-medium:3.84%;--awb-width-small:100%;--awb-spacing-right-small:1.92%;--awb-spacing-left-small:1.92%;\" data-animationType=\"fadeInRight\" data-animationDuration=\"1.0\" data-animationOffset=\"top-into-view\"><div class=\"fusion-column-wrapper fusion-column-has-shadow fusion-flex-justify-content-flex-start fusion-content-layout-column\"><div class=\"fusion-image-element sm-text-align-center\" style=\"text-align:left;--awb-aspect-ratio:21 \/ 9;--awb-object-position:44% 1%;--awb-max-width:800px;--awb-caption-title-font-family:var(--h2_typography-font-family);--awb-caption-title-font-weight:var(--h2_typography-font-weight);--awb-caption-title-font-style:var(--h2_typography-font-style);--awb-caption-title-size:var(--h2_typography-font-size);--awb-caption-title-transform:var(--h2_typography-text-transform);--awb-caption-title-line-height:var(--h2_typography-line-height);--awb-caption-title-letter-spacing:var(--h2_typography-letter-spacing);\"><div style=\"display:inline-block;width:800px;\"><span class=\" fusion-imageframe imageframe-none imageframe-2 hover-type-none has-aspect-ratio fusion-animated\" style=\"border-radius:12px;\" data-animationType=\"fadeInLeft\" data-animationDuration=\"0.3\" data-animationOffset=\"top-into-view\"><img decoding=\"async\" width=\"1200\" height=\"727\" src=\"https:\/\/opilex.paissangroup.com\/wp-content\/uploads\/2024\/11\/aerial-view-diverse-business-people-having-meeting-together.jpg\" data-orig-src=\"https:\/\/opilex.paissangroup.com\/wp-content\/uploads\/2024\/11\/aerial-view-diverse-business-people-having-meeting-together.jpg\" class=\"lazyload img-responsive wp-image-2173 img-with-aspect-ratio\" alt srcset=\"data:image\/svg+xml,%3Csvg%20xmlns%3D%27http%3A%2F%2Fwww.w3.org%2F2000%2Fsvg%27%20width%3D%271200%27%20height%3D%27727%27%20viewBox%3D%270%200%201200%20727%27%3E%3Crect%20width%3D%271200%27%20height%3D%27727%27%20fill-opacity%3D%220%22%2F%3E%3C%2Fsvg%3E\" data-srcset=\"https:\/\/opilex.paissangroup.com\/wp-content\/uploads\/2024\/11\/aerial-view-diverse-business-people-having-meeting-together-200x121.jpg 200w, https:\/\/opilex.paissangroup.com\/wp-content\/uploads\/2024\/11\/aerial-view-diverse-business-people-having-meeting-together-400x242.jpg 400w, https:\/\/opilex.paissangroup.com\/wp-content\/uploads\/2024\/11\/aerial-view-diverse-business-people-having-meeting-together-600x364.jpg 600w, https:\/\/opilex.paissangroup.com\/wp-content\/uploads\/2024\/11\/aerial-view-diverse-business-people-having-meeting-together-800x485.jpg 800w, https:\/\/opilex.paissangroup.com\/wp-content\/uploads\/2024\/11\/aerial-view-diverse-business-people-having-meeting-together.jpg 1200w\" data-sizes=\"auto\" data-orig-sizes=\"(max-width: 1024px) 100vw, (max-width: 850px) 100vw, 1200px\" \/><\/span><\/div><\/div><div class=\"fusion-builder-row fusion-builder-row-inner fusion-row fusion-flex-align-items-flex-start fusion-flex-content-wrap\" style=\"width:104% !important;max-width:104% !important;margin-left: calc(-4% \/ 2 );margin-right: calc(-4% \/ 2 );\"><div class=\"fusion-layout-column fusion_builder_column_inner fusion-builder-nested-column-0 fusion_builder_column_inner_1_5 1_5 fusion-flex-column\" style=\"--awb-bg-size:cover;--awb-width-large:20%;--awb-margin-top-large:0px;--awb-spacing-right-large:9.6%;--awb-margin-bottom-large:20px;--awb-spacing-left-large:9.6%;--awb-width-medium:100%;--awb-spacing-right-medium:1.92%;--awb-spacing-left-medium:1.92%;--awb-width-small:100%;--awb-spacing-right-small:1.92%;--awb-spacing-left-small:1.92%;\"><div class=\"fusion-column-wrapper fusion-column-has-shadow fusion-flex-justify-content-flex-start fusion-content-layout-column\"><\/div><\/div><div class=\"fusion-layout-column fusion_builder_column_inner fusion-builder-nested-column-1 fusion_builder_column_inner_4_5 4_5 fusion-flex-column fusion-flex-align-self-center\" style=\"--awb-padding-top:30px;--awb-padding-right:20px;--awb-padding-bottom:10px;--awb-padding-left:20px;--awb-overflow:hidden;--awb-bg-color:var(--awb-color1);--awb-bg-color-hover:var(--awb-color1);--awb-bg-size:cover;--awb-box-shadow:0px 30px 27px 0px hsla(var(--awb-color8-h),var(--awb-color8-s),calc( var(--awb-color8-l) - 13% ),calc( var(--awb-color8-a) - 90% ));;--awb-border-radius:8px 8px 8px 8px;--awb-width-large:80%;--awb-margin-top-large:-60px;--awb-spacing-right-large:2.4%;--awb-margin-bottom-large:20px;--awb-spacing-left-large:2.4%;--awb-width-medium:100%;--awb-spacing-right-medium:1.92%;--awb-spacing-left-medium:1.92%;--awb-width-small:100%;--awb-spacing-right-small:1.92%;--awb-spacing-left-small:1.92%;\"><div class=\"fusion-column-wrapper fusion-column-has-shadow fusion-flex-justify-content-flex-start fusion-content-layout-column\"><div class=\"fusion-text fusion-text-1 awb-text-cols fusion-text-columns-2\" style=\"--awb-columns:2;--awb-column-spacing:50px;--awb-column-min-width:300px;\"><p class=\"\">Opilex \u00e8 una struttura al contempo liquida e multiforme, flessibile e dinamica, dalle molteplici sfaccettature. \u00c8 l\u2019unione di un team di professionisti che si distinguono per il loro impareggiabile grado di adattamento, sia alle esigenze dei propri clienti che al cambiamento tipico di quest\u2019epoca cos\u00ec complessa.<\/p>\n<p class=\"\">Opilex \u00e8 cura maniacale di ogni singolo dettaglio, \u00e8 \u201cproduzione a km zero\u201d, diretta, espressa, in loco<em>.&nbsp;<\/em>Con uno sguardo costante sul risultato complessivo e su una visione d\u2019insieme completa e coerente.<\/p>\n<p class=\"\">Opilex \u00e8 Labour &amp; Employment, \u00e8 Privacy, Cyberlaw e Cyber Security, Opilex \u00e8 Management Consulting, e pi\u00f9 in generale consulenza in ambito societario;&nbsp;<\/p>\n<p class=\"\">Opilex \u00e8 Opilexlab, un thinktank permanente, un polo scientifico, uno strumento formativo trasversale pensato per i nostri clienti.<\/p>\n<p class=\"\">Opilex \u00e8 una rete di professionisti che si confrontano e generano valore aggiunto al loro interno, e al contempo \u00e8 alla spasmodica ricerca di sinergie all\u2019esterno della propria confort-zone, ben oltre il tipico orizzonte di uno studio legale.<\/p>\n<\/div><\/div><\/div><\/div><\/div><\/div><\/div><\/div><div class=\"fusion-fullwidth fullwidth-box fusion-builder-row-3 fusion-flex-container gradient-container-3 nonhundred-percent-fullwidth non-hundred-percent-height-scrolling\" style=\"--awb-border-radius-top-left:0px;--awb-border-radius-top-right:0px;--awb-border-radius-bottom-right:0px;--awb-border-radius-bottom-left:0px;--awb-padding-top:50px;--awb-padding-bottom:50px;--awb-background-color:var(--awb-color5);--awb-flex-wrap:wrap;\" ><div class=\"fusion-builder-row fusion-row fusion-flex-align-items-flex-start fusion-flex-justify-content-center fusion-flex-content-wrap\" style=\"max-width:1216.8px;margin-left: calc(-4% \/ 2 );margin-right: calc(-4% \/ 2 );\"><div class=\"fusion-layout-column fusion_builder_column fusion-builder-column-4 fusion_builder_column_1_1 1_1 fusion-flex-column fusion-flex-align-self-center\" style=\"--awb-padding-right:10%;--awb-padding-left:10%;--awb-bg-size:cover;--awb-width-large:100%;--awb-margin-top-large:0px;--awb-spacing-right-large:1.92%;--awb-margin-bottom-large:0px;--awb-spacing-left-large:1.92%;--awb-width-medium:100%;--awb-order-medium:0;--awb-spacing-right-medium:1.92%;--awb-spacing-left-medium:1.92%;--awb-width-small:100%;--awb-order-small:0;--awb-spacing-right-small:1.92%;--awb-spacing-left-small:1.92%;\"><div class=\"fusion-column-wrapper fusion-column-has-shadow fusion-flex-justify-content-center fusion-content-layout-column\"><div class=\"fusion-title title fusion-title-3 fusion-title-text fusion-title-size-div\" style=\"--awb-text-color:var(--awb-color1);--awb-margin-bottom:32px;--awb-font-size:20px;\"><div class=\"title-sep-container title-sep-container-left fusion-no-large-visibility fusion-no-medium-visibility fusion-no-small-visibility\"><div class=\"title-sep sep- sep-solid\" style=\"border-color:var(--awb-color3);\"><\/div><\/div><span class=\"awb-title-spacer fusion-no-large-visibility fusion-no-medium-visibility fusion-no-small-visibility\"><\/span><div class=\"fusion-title-heading title-heading-left title-heading-tag fusion-responsive-typography-calculated\" style=\"margin:0;font-size:1em;letter-spacing:var(--awb-typography3-letter-spacing);text-transform:none;--fontSize:20;line-height:var(--awb-typography4-line-height);\"><h2><em>&#8220;Opilex \u00e8 ci\u00f2 che cercavamo da tempo. Non trovandolo, l\u2019abbiamo creato.&#8221;<\/em><\/h2>\n<h6>\u2014 Matteo Falchetti &#8211; founder-<\/h6><\/div><span class=\"awb-title-spacer\"><\/span><div class=\"title-sep-container title-sep-container-right\"><div class=\"title-sep sep- sep-solid\" style=\"border-color:var(--awb-color3);\"><\/div><\/div><\/div><div class=\"fusion-title title fusion-title-4 fusion-title-text fusion-title-size-div\" style=\"--awb-text-color:var(--awb-color1);--awb-font-size:20px;\"><div class=\"title-sep-container title-sep-container-left\"><div class=\"title-sep sep- sep-solid\" style=\"border-color:var(--awb-color3);\"><\/div><\/div><span class=\"awb-title-spacer\"><\/span><div class=\"fusion-title-heading title-heading-right title-heading-tag fusion-responsive-typography-calculated\" style=\"margin:0;font-size:1em;letter-spacing:var(--awb-typography3-letter-spacing);text-transform:none;--fontSize:20;line-height:var(--awb-typography4-line-height);\"><h3><em>&#8220;Opilex is what we were looking for for a long time. Not finding it, we created it.&#8221;<\/em><\/h3>\n<h6>\u2014 Matteo Falchetti &#8211; founder-<\/h6><\/div><span class=\"awb-title-spacer fusion-no-large-visibility fusion-no-medium-visibility fusion-no-small-visibility\"><\/span><div class=\"title-sep-container title-sep-container-right fusion-no-large-visibility fusion-no-medium-visibility fusion-no-small-visibility\"><div class=\"title-sep sep- sep-solid\" style=\"border-color:var(--awb-color3);\"><\/div><\/div><\/div><\/div><\/div><\/div><\/div><div class=\"fusion-fullwidth fullwidth-box fusion-builder-row-4 fusion-flex-container fusion-parallax-none gradient-container-4 nonhundred-percent-fullwidth non-hundred-percent-height-scrolling lazyload\" style=\"--awb-background-position:right bottom;--awb-background-blend-mode:multiply;--awb-border-radius-top-left:0px;--awb-border-radius-top-right:0px;--awb-border-radius-bottom-right:0px;--awb-border-radius-bottom-left:0px;--awb-padding-top:2%;--awb-padding-bottom:6%;--awb-margin-top:50px;--awb-margin-bottom:0px;--awb-background-color:var(--awb-color2);--awb-background-image:linear-gradient(0deg, var(--awb-color1) 0%,var(--awb-color1) 100%);;--awb-background-image-small:linear-gradient(0deg, var(--awb-color1) 0%,var(--awb-color1) 100%);;--awb-background-size:400px;--awb-background-size-small:20%;--awb-flex-wrap:wrap;\" data-bg=\"https:\/\/opilex.paissangroup.com\/wp-content\/uploads\/2024\/11\/opilex_scritta_trasparente.png\" data-fusion-responsive-bg=\"1\" data-bg-small=\"https:\/\/opilex.paissangroup.com\/wp-content\/uploads\/2024\/11\/sfondomob.png\" data-bg-gradient=\"linear-gradient(0deg, var(--awb-color1) 0%,var(--awb-color1) 100%)\" ><div class=\"fusion-builder-row fusion-row fusion-flex-align-items-flex-start fusion-flex-content-wrap\" style=\"max-width:1216.8px;margin-left: calc(-4% \/ 2 );margin-right: calc(-4% \/ 2 );\"><div class=\"fusion-layout-column fusion_builder_column fusion-builder-column-5 fusion_builder_column_1_1 1_1 fusion-flex-column fusion-animated\" style=\"--awb-bg-size:cover;--awb-width-large:100%;--awb-margin-top-large:0px;--awb-spacing-right-large:1.92%;--awb-margin-bottom-large:20px;--awb-spacing-left-large:1.92%;--awb-width-medium:50%;--awb-spacing-right-medium:3.84%;--awb-spacing-left-medium:3.84%;--awb-width-small:100%;--awb-spacing-right-small:1.92%;--awb-spacing-left-small:1.92%;\" data-animationType=\"fadeInRight\" data-animationDuration=\"1.0\" data-animationOffset=\"top-into-view\"><div class=\"fusion-column-wrapper fusion-column-has-shadow fusion-flex-justify-content-flex-start fusion-content-layout-column\"><div class=\"fusion-image-element sm-text-align-center\" style=\"text-align:left;--awb-aspect-ratio:21 \/ 9;--awb-object-position:44% 1%;--awb-max-width:800px;--awb-caption-title-font-family:var(--h2_typography-font-family);--awb-caption-title-font-weight:var(--h2_typography-font-weight);--awb-caption-title-font-style:var(--h2_typography-font-style);--awb-caption-title-size:var(--h2_typography-font-size);--awb-caption-title-transform:var(--h2_typography-text-transform);--awb-caption-title-line-height:var(--h2_typography-line-height);--awb-caption-title-letter-spacing:var(--h2_typography-letter-spacing);\"><div style=\"display:inline-block;width:800px;\"><span class=\" fusion-imageframe imageframe-none imageframe-3 hover-type-none has-aspect-ratio fusion-animated\" style=\"border-radius:12px;\" data-animationType=\"fadeInLeft\" data-animationDuration=\"0.3\" data-animationOffset=\"top-into-view\"><img decoding=\"async\" width=\"1200\" height=\"800\" title=\"Team of business people stacking hands\" src=\"https:\/\/opilex.paissangroup.com\/wp-content\/uploads\/2024\/11\/team-business-people-stacking-hands.jpg\" data-orig-src=\"https:\/\/opilex.paissangroup.com\/wp-content\/uploads\/2024\/11\/team-business-people-stacking-hands.jpg\" class=\"lazyload img-responsive wp-image-2174 img-with-aspect-ratio\" alt srcset=\"data:image\/svg+xml,%3Csvg%20xmlns%3D%27http%3A%2F%2Fwww.w3.org%2F2000%2Fsvg%27%20width%3D%271200%27%20height%3D%27800%27%20viewBox%3D%270%200%201200%20800%27%3E%3Crect%20width%3D%271200%27%20height%3D%27800%27%20fill-opacity%3D%220%22%2F%3E%3C%2Fsvg%3E\" data-srcset=\"https:\/\/opilex.paissangroup.com\/wp-content\/uploads\/2024\/11\/team-business-people-stacking-hands-200x133.jpg 200w, https:\/\/opilex.paissangroup.com\/wp-content\/uploads\/2024\/11\/team-business-people-stacking-hands-400x267.jpg 400w, https:\/\/opilex.paissangroup.com\/wp-content\/uploads\/2024\/11\/team-business-people-stacking-hands-600x400.jpg 600w, https:\/\/opilex.paissangroup.com\/wp-content\/uploads\/2024\/11\/team-business-people-stacking-hands-800x533.jpg 800w, https:\/\/opilex.paissangroup.com\/wp-content\/uploads\/2024\/11\/team-business-people-stacking-hands.jpg 1200w\" data-sizes=\"auto\" data-orig-sizes=\"(max-width: 1024px) 100vw, (max-width: 850px) 100vw, 1200px\" \/><\/span><\/div><\/div><div class=\"fusion-builder-row fusion-builder-row-inner fusion-row fusion-flex-align-items-flex-start fusion-flex-content-wrap\" style=\"width:104% !important;max-width:104% !important;margin-left: calc(-4% \/ 2 );margin-right: calc(-4% \/ 2 );\"><div class=\"fusion-layout-column fusion_builder_column_inner fusion-builder-nested-column-2 fusion_builder_column_inner_1_5 1_5 fusion-flex-column\" style=\"--awb-bg-size:cover;--awb-width-large:20%;--awb-margin-top-large:0px;--awb-spacing-right-large:9.6%;--awb-margin-bottom-large:20px;--awb-spacing-left-large:9.6%;--awb-width-medium:100%;--awb-spacing-right-medium:1.92%;--awb-spacing-left-medium:1.92%;--awb-width-small:100%;--awb-spacing-right-small:1.92%;--awb-spacing-left-small:1.92%;\"><div class=\"fusion-column-wrapper fusion-column-has-shadow fusion-flex-justify-content-flex-start fusion-content-layout-column\"><\/div><\/div><div class=\"fusion-layout-column fusion_builder_column_inner fusion-builder-nested-column-3 fusion_builder_column_inner_4_5 4_5 fusion-flex-column fusion-flex-align-self-center\" style=\"--awb-padding-top:30px;--awb-padding-right:20px;--awb-padding-bottom:10px;--awb-padding-left:20px;--awb-overflow:hidden;--awb-bg-color:var(--awb-color1);--awb-bg-color-hover:var(--awb-color1);--awb-bg-size:cover;--awb-box-shadow:0px 30px 27px 0px hsla(var(--awb-color8-h),var(--awb-color8-s),calc( var(--awb-color8-l) - 13% ),calc( var(--awb-color8-a) - 90% ));;--awb-border-radius:8px 8px 8px 8px;--awb-width-large:80%;--awb-margin-top-large:-60px;--awb-spacing-right-large:2.4%;--awb-margin-bottom-large:20px;--awb-spacing-left-large:2.4%;--awb-width-medium:100%;--awb-spacing-right-medium:1.92%;--awb-spacing-left-medium:1.92%;--awb-width-small:100%;--awb-spacing-right-small:1.92%;--awb-spacing-left-small:1.92%;\"><div class=\"fusion-column-wrapper fusion-column-has-shadow fusion-flex-justify-content-flex-start fusion-content-layout-column\"><div class=\"fusion-text fusion-text-2 awb-text-cols fusion-text-columns-2\" style=\"--awb-columns:2;--awb-column-spacing:50px;--awb-column-min-width:300px;\"><p>Opilex is a structure at once liquid and multifaceted, flexible and dynamic. It is the union of a team of professionals distinguished by their unparalleled degree of adaptation, both to the needs of their clients and to the change typical of this complex era.<\/p>\n<p>Opilex is maniacal attention to every single detail, it is &#8220;zero-mile production,&#8221; direct, express, on site. With a constant eye on the overall result and a complete and coherent overview.<\/p>\n<p>Opilex is Labor &amp; Employment, it is Privacy, Cyberlaw and Cyber Security, Opilex is Management Consulting, and more generally corporate consulting; <\/p>\n<p>Opilex is Opilexlab, a permanent thinktank, a scientific hub, a cross-cutting training tool designed for our clients.<\/p>\n<p>Opilex is a network of professionals who compare and generate added value internally, while at the same time spasmodically seeking synergies outside their comfort-zone, far beyond the typical horizon of a law firm.<\/p>\n<\/div><\/div><\/div><\/div><\/div><\/div><\/div><\/div><\/p>\n","protected":false},"excerpt":{"rendered":"","protected":false},"author":1,"featured_media":2172,"parent":0,"menu_order":0,"comment_status":"open","ping_status":"closed","template":"100-width.php","meta":{"footnotes":""},"class_list":["post-2233","page","type-page","status-publish","has-post-thumbnail","hentry"],"_links":{"self":[{"href":"https:\/\/opilex.paissangroup.com\/en\/wp-json\/wp\/v2\/pages\/2233","targetHints":{"allow":["GET"]}}],"collection":[{"href":"https:\/\/opilex.paissangroup.com\/en\/wp-json\/wp\/v2\/pages"}],"about":[{"href":"https:\/\/opilex.paissangroup.com\/en\/wp-json\/wp\/v2\/types\/page"}],"author":[{"embeddable":true,"href":"https:\/\/opilex.paissangroup.com\/en\/wp-json\/wp\/v2\/users\/1"}],"replies":[{"embeddable":true,"href":"https:\/\/opilex.paissangroup.com\/en\/wp-json\/wp\/v2\/comments?post=2233"}],"version-history":[{"count":1,"href":"https:\/\/opilex.paissangroup.com\/en\/wp-json\/wp\/v2\/pages\/2233\/revisions"}],"predecessor-version":[{"id":2234,"href":"https:\/\/opilex.paissangroup.com\/en\/wp-json\/wp\/v2\/pages\/2233\/revisions\/2234"}],"wp:featuredmedia":[{"embeddable":true,"href":"https:\/\/opilex.paissangroup.com\/en\/wp-json\/wp\/v2\/media\/2172"}],"wp:attachment":[{"href":"https:\/\/opilex.paissangroup.com\/en\/wp-json\/wp\/v2\/media?parent=2233"}],"curies":[{"name":"wp","href":"https:\/\/api.w.org\/{rel}","templated":true}]}}